{"id":28,"date":"2017-02-23T12:52:10","date_gmt":"2017-02-23T11:52:10","guid":{"rendered":"http:\/\/blog.rhwbgalerie.de\/?page_id=28"},"modified":"2021-05-08T09:32:50","modified_gmt":"2021-05-08T08:32:50","slug":"biografie","status":"publish","type":"page","link":"https:\/\/www.rhwbgallery.de\/es\/biografie\/","title":{"rendered":"Biograf\u00eda"},"content":{"rendered":"<p>RHWB<br \/>\nReinhard Hermann Wilhelm Brand<\/p>\n<p>Nacido en Bochum \/ Ruhr y viviendo en Bad Godesberg al Rin por treinta a\u00f1os, el pintor y creador de im\u00e1genes Reinhard H.W. Brand obtuvo sus primeras impresiones del arte contempor\u00e1nea como estudiante del educador de arte y escultor Profesor Friedrich Gr\u00e4sel en los \u00faltimos a\u00f1os 60.<\/p>\n<p>Siendo un testigo contempor\u00e1neo, tuvieron much\u00edsima influencia a Brand el POP ART, Joseph Beuys, los comienzos del arte computador y del arte fotogr\u00e1fico digital de Thomas Ruff o Andreas Gursky. Uno de sus principales temas art\u00edsticos es la realizaci\u00f3n de dise\u00f1os esculturales tal como Arp, Moore, Cragg, Serra y las esculturas y estelas tubulares de Friedrich Gr\u00e4sel \u2013 en abstracta figurativa o concreta pintura constructiva, de manera aparentemente relajada y de asombro superficial.<\/p>\n<p>El colorismo de Brand no causa ninguna tristeza; sus imagenes focalizan en una aparencia alegre. Las colores dominantes y luminosas son una reminiscencia del POP ART y tambi\u00e9n de los Expresionistas y Flauvistas.<\/p>\n<p>Mientras que Andy Warhol haya creado impresiones \u2018screen\u2019 de su f\u00e1brica gr\u00e1fica publicitaria o de sus fotos Polaroid, Brand utiliza t\u00e9cnicas de mezcla de varios pasos sobre material portador tal como papel, cart\u00f3n, lienzo o vidrio. Despu\u00e9s lo digitaliza y lo finaliza en el computador como modelo digital, lo cual aplica en impresiones Gicl\u00e9e sobre papel especial o lienzo en una cantidad estrictamente limitada.<\/p>\n<p><img loading=\"lazy\" decoding=\"async\" class=\"alignnone size-full wp-image-125\" src=\"http:\/\/blog.rhwbgalerie.de\/wp-content\/uploads\/2017\/02\/Vernissage-der-Schwarz-Weiss-Ausstellung-2014-im-Haus-an-der-Redoute-05.03.2014-Reinhard-H.W.-Brand.jpg\" alt=\"Vernissage der Schwarz-Weiss-Ausstellung 2014 im Haus an der Redoute 05.03.2014 Reinhard H.W. Brand\" width=\"706\" height=\"534\" srcset=\"https:\/\/www.rhwbgallery.de\/wp-content\/uploads\/2017\/02\/Vernissage-der-Schwarz-Weiss-Ausstellung-2014-im-Haus-an-der-Redoute-05.03.2014-Reinhard-H.W.-Brand.jpg 706w, https:\/\/www.rhwbgallery.de\/wp-content\/uploads\/2017\/02\/Vernissage-der-Schwarz-Weiss-Ausstellung-2014-im-Haus-an-der-Redoute-05.03.2014-Reinhard-H.W.-Brand-300x227.jpg 300w, https:\/\/www.rhwbgallery.de\/wp-content\/uploads\/2017\/02\/Vernissage-der-Schwarz-Weiss-Ausstellung-2014-im-Haus-an-der-Redoute-05.03.2014-Reinhard-H.W.-Brand-690x522.jpg 690w\" sizes=\"auto, (max-width: 706px) 100vw, 706px\" \/><\/p>\n","protected":false},"excerpt":{"rendered":"<p>RHWB Reinhard Hermann Wilhelm Brand Nacido en Bochum \/ Ruhr y viviendo en Bad Godesberg al Rin por treinta a\u00f1os, el pintor y creador de im\u00e1genes Reinhard H.W. Brand obtuvo sus primeras impresiones del arte contempor\u00e1nea como estudiante del educador de arte y escultor Profesor Friedrich Gr\u00e4sel en los \u00faltimos a\u00f1os 60. Siendo un testigo [&hellip;]<\/p>\n","protected":false},"author":1,"featured_media":0,"parent":0,"menu_order":0,"comment_status":"closed","ping_status":"closed","template":"","meta":{"ngg_post_thumbnail":0,"footnotes":""},"class_list":["post-28","page","type-page","status-publish","hentry"],"translation":{"provider":"WPGlobus","version":"3.0.2","language":"es","enabled_languages":["de","en","es"],"languages":{"de":{"title":true,"content":true,"excerpt":false},"en":{"title":true,"content":true,"excerpt":false},"es":{"title":true,"content":true,"excerpt":false}}},"jetpack_sharing_enabled":true,"_links":{"self":[{"href":"https:\/\/www.rhwbgallery.de\/es\/wp-json\/wp\/v2\/pages\/28","targetHints":{"allow":["GET"]}}],"collection":[{"href":"https:\/\/www.rhwbgallery.de\/es\/wp-json\/wp\/v2\/pages"}],"about":[{"href":"https:\/\/www.rhwbgallery.de\/es\/wp-json\/wp\/v2\/types\/page"}],"author":[{"embeddable":true,"href":"https:\/\/www.rhwbgallery.de\/es\/wp-json\/wp\/v2\/users\/1"}],"replies":[{"embeddable":true,"href":"https:\/\/www.rhwbgallery.de\/es\/wp-json\/wp\/v2\/comments?post=28"}],"version-history":[{"count":12,"href":"https:\/\/www.rhwbgallery.de\/es\/wp-json\/wp\/v2\/pages\/28\/revisions"}],"predecessor-version":[{"id":6910,"href":"https:\/\/www.rhwbgallery.de\/es\/wp-json\/wp\/v2\/pages\/28\/revisions\/6910"}],"wp:attachment":[{"href":"https:\/\/www.rhwbgallery.de\/es\/wp-json\/wp\/v2\/media?parent=28"}],"curies":[{"name":"wp","href":"https:\/\/api.w.org\/{rel}","templated":true}]}}