{"id":25,"date":"2017-02-23T11:50:11","date_gmt":"2017-02-23T11:50:11","guid":{"rendered":"http:\/\/blog.rhwbgalerie.de\/?page_id=25"},"modified":"2026-01-18T19:42:17","modified_gmt":"2026-01-18T18:42:17","slug":"intro","status":"publish","type":"page","link":"https:\/\/www.rhwbgallery.de\/es\/intro\/","title":{"rendered":"Introducci\u00f3n"},"content":{"rendered":"<p>La RHWBgallery presenta una visi\u00f3n general de la obra art\u00edstica del pintor \/ creador de im\u00e1genes Reinhard H.W. Brand. La compilaci\u00f3n que se muestra en la subgaleria no es completa. Las im\u00e1genes individuales no son fotos de als obras originales, sino son copias digitales (escaneados y a punto de imagen reducidas) de los modelos que RHWB FineArtPrints imprime en lienzo o papel art\u00edstico.<\/p>\n<p>Esto hace que, por un lado las impresiones varien ligeramente y por otro lado las impresiones sean revisadas cuidadosamente (repintes, acr\u00edlico, barniz, etc) antes de la firma y de la entrega al coleccionista.<\/p>\n<p>Por eso todas las impresiones son consideradas originales cuando se crean dos o tres impresiones (de diferente tama\u00f1o). Los precios de las im\u00e1genes depende del tama\u00f1o y la base de la impresi\u00f3n. En cuanto a los precios de las im\u00e1genes seleccionados de Reinhard H.W. Brand, compare kunst.online.me <a href=\"http:\/\/www.kunst-online.me\/collections\/reinhard-h-w-brand\" target=\"_blank\" rel=\"noopener\">kunst-online.me<\/a>.<\/p>\n","protected":false},"excerpt":{"rendered":"<p>La RHWBgallery presenta una visi\u00f3n general de la obra art\u00edstica del pintor \/ creador de im\u00e1genes Reinhard H.W. Brand. La compilaci\u00f3n que se muestra en la subgaleria no es completa. Las im\u00e1genes individuales no son fotos de als obras originales, sino son copias digitales (escaneados y a punto de imagen reducidas) de los modelos que [&hellip;]<\/p>\n","protected":false},"author":1,"featured_media":0,"parent":0,"menu_order":0,"comment_status":"closed","ping_status":"closed","template":"","meta":{"ngg_post_thumbnail":0,"footnotes":""},"class_list":["post-25","page","type-page","status-publish","hentry"],"translation":{"provider":"WPGlobus","version":"3.0.2","language":"es","enabled_languages":["de","en","es"],"languages":{"de":{"title":true,"content":true,"excerpt":false},"en":{"title":true,"content":true,"excerpt":false},"es":{"title":true,"content":true,"excerpt":false}}},"jetpack_sharing_enabled":true,"_links":{"self":[{"href":"https:\/\/www.rhwbgallery.de\/es\/wp-json\/wp\/v2\/pages\/25","targetHints":{"allow":["GET"]}}],"collection":[{"href":"https:\/\/www.rhwbgallery.de\/es\/wp-json\/wp\/v2\/pages"}],"about":[{"href":"https:\/\/www.rhwbgallery.de\/es\/wp-json\/wp\/v2\/types\/page"}],"author":[{"embeddable":true,"href":"https:\/\/www.rhwbgallery.de\/es\/wp-json\/wp\/v2\/users\/1"}],"replies":[{"embeddable":true,"href":"https:\/\/www.rhwbgallery.de\/es\/wp-json\/wp\/v2\/comments?post=25"}],"version-history":[{"count":37,"href":"https:\/\/www.rhwbgallery.de\/es\/wp-json\/wp\/v2\/pages\/25\/revisions"}],"predecessor-version":[{"id":11981,"href":"https:\/\/www.rhwbgallery.de\/es\/wp-json\/wp\/v2\/pages\/25\/revisions\/11981"}],"wp:attachment":[{"href":"https:\/\/www.rhwbgallery.de\/es\/wp-json\/wp\/v2\/media?parent=25"}],"curies":[{"name":"wp","href":"https:\/\/api.w.org\/{rel}","templated":true}]}}